{"id":6,"date":"2025-08-19T14:59:10","date_gmt":"2025-08-19T14:59:10","guid":{"rendered":"https:\/\/www.tertio-eng.com\/?page_id=6"},"modified":"2025-08-19T16:27:38","modified_gmt":"2025-08-19T15:27:38","slug":"tertio-engineering","status":"publish","type":"page","link":"https:\/\/www.tertio-eng.com\/","title":{"rendered":""},"content":{"rendered":"\n<figure class=\"wp-block-image size-full\"><img loading=\"lazy\" decoding=\"async\" width=\"720\" height=\"201\" src=\"https:\/\/www.tertio-eng.com\/wp-content\/uploads\/2025\/08\/Logo-Tertio-Final_MidSize.png\" alt=\"\" class=\"wp-image-8\" srcset=\"https:\/\/www.tertio-eng.com\/wp-content\/uploads\/2025\/08\/Logo-Tertio-Final_MidSize.png 720w, https:\/\/www.tertio-eng.com\/wp-content\/uploads\/2025\/08\/Logo-Tertio-Final_MidSize-300x84.png 300w\" sizes=\"auto, (max-width: 720px) 100vw, 720px\" \/><\/figure>\n\n\n\n<div class=\"wp-block-buttons is-content-justification-center is-layout-flex wp-container-core-buttons-is-layout-a89b3969 wp-block-buttons-is-layout-flex\">\n<div class=\"wp-block-button\"><a class=\"wp-block-button__link has-text-align-center wp-element-button\" href=\"https:\/\/get.teamviewer.com\/tertio\">TELEMAINTENANCE<\/a><\/div>\n<\/div>\n\n\n\n<div class=\"wp-block-cover alignfull has-accent-1-color has-text-color has-link-color wp-elements-479a5d2111f76eb4440cfe4bc79d60df\" style=\"margin-top:0;margin-bottom:0;padding-top:200px;padding-right:var(--wp--preset--spacing--50);padding-bottom:200px;padding-left:var(--wp--preset--spacing--50);min-height:100vh;aspect-ratio:unset;\"><img decoding=\"async\" class=\"wp-block-cover__image-background\" alt=\"Photo of a field full of flowers, a blue sky and a tree.\" src=\"https:\/\/www.tertio-eng.com\/wp-content\/themes\/twentytwentyfive\/assets\/images\/coming-soon-bg-image.webp\" data-object-fit=\"cover\"\/><span aria-hidden=\"true\" class=\"wp-block-cover__background has-background-dim-10 has-background-dim\"><\/span><div class=\"wp-block-cover__inner-container has-global-padding is-layout-constrained wp-container-core-cover-is-layout-d47c59a2 wp-block-cover-is-layout-constrained\">\n<div class=\"wp-block-group is-vertical is-content-justification-center is-layout-flex wp-container-core-group-is-layout-ce155fab wp-block-group-is-layout-flex\">\n<h2 class=\"wp-block-heading has-text-align-center is-style-text-annotation is-style-text-annotation--1\">Event<\/h2>\n<\/div>\n\n\n\n<h3 class=\"wp-block-heading has-text-align-center has-xx-large-font-size\">Site en Reconstruction \ud83d\ude09 <\/h3>\n\n\n\n<div class=\"wp-block-buttons is-content-justification-center is-layout-flex wp-container-core-buttons-is-layout-a89b3969 wp-block-buttons-is-layout-flex\">\n<div class=\"wp-block-button is-style-fill\"><a class=\"wp-block-button__link has-contrast-color has-accent-1-background-color has-text-color has-background has-link-color has-border-color has-accent-1-border-color wp-element-button\">Subscribe<\/a><\/div>\n<\/div>\n\n\n\n<p>TERTIO-Engineering aide ses clients \u00e0 r\u00e9ussir la transformation de leurs espaces de travail gr\u00e2ce \u00e0 une approche int\u00e9gr\u00e9e et une logistique de pr\u00e9cision<\/p>\n<\/div><\/div>\n\n\n\n<p>Si\u00e8ge Social et Service Informatique : <br>1 chemin des douaniers <br>78240 CHAMBOURCY<br><strong>01 40 86 40 43<\/strong><\/p>\n","protected":false},"excerpt":{"rendered":"<p>Si\u00e8ge Social et Service Informatique : 1 chemin des douaniers 78240 CHAMBOURCY01 40 86 40 43<\/p>\n","protected":false},"author":1,"featured_media":0,"parent":0,"menu_order":0,"comment_status":"closed","ping_status":"closed","template":"","meta":{"footnotes":""},"class_list":["post-6","page","type-page","status-publish","hentry"],"_links":{"self":[{"href":"https:\/\/www.tertio-eng.com\/index.php?rest_route=\/wp\/v2\/pages\/6","targetHints":{"allow":["GET"]}}],"collection":[{"href":"https:\/\/www.tertio-eng.com\/index.php?rest_route=\/wp\/v2\/pages"}],"about":[{"href":"https:\/\/www.tertio-eng.com\/index.php?rest_route=\/wp\/v2\/types\/page"}],"author":[{"embeddable":true,"href":"https:\/\/www.tertio-eng.com\/index.php?rest_route=\/wp\/v2\/users\/1"}],"replies":[{"embeddable":true,"href":"https:\/\/www.tertio-eng.com\/index.php?rest_route=%2Fwp%2Fv2%2Fcomments&post=6"}],"version-history":[{"count":6,"href":"https:\/\/www.tertio-eng.com\/index.php?rest_route=\/wp\/v2\/pages\/6\/revisions"}],"predecessor-version":[{"id":21,"href":"https:\/\/www.tertio-eng.com\/index.php?rest_route=\/wp\/v2\/pages\/6\/revisions\/21"}],"wp:attachment":[{"href":"https:\/\/www.tertio-eng.com\/index.php?rest_route=%2Fwp%2Fv2%2Fmedia&parent=6"}],"curies":[{"name":"wp","href":"https:\/\/api.w.org\/{rel}","templated":true}]}}